{"id":85,"date":"2013-08-23T00:22:24","date_gmt":"2013-08-22T22:22:24","guid":{"rendered":"http:\/\/norumsgarde.com\/?page_id=85"},"modified":"2023-10-14T12:35:01","modified_gmt":"2023-10-14T10:35:01","slug":"stadgar","status":"publish","type":"page","link":"https:\/\/norumsgarde.com\/?page_id=85","title":{"rendered":"Stadgar"},"content":{"rendered":"<h2><span style=\"color: #f6343e;\">Stadgar f\u00f6r Gl\u00f6storps Samf\u00e4llighetsf\u00f6rening<\/span><\/h2>\n<p><strong>\u00a71\u00a0FIRMA<\/strong><br \/>\nF\u00f6reningens Firma \u00e4r GL\u00d6STORPS SAMF\u00c4LLIGHETSF\u00d6RENING<\/p>\n<p><strong>\u00a72\u00a0SAMF\u00c4LLIGHETER<\/strong><br \/>\nF\u00f6reningen f\u00f6rvaltar: Anl\u00e4ggningssamf\u00e4lligheten f\u00f6r inomkvartersgator, va-ledningar mm ber\u00f6rande Tuve 7:19-7:25, 7:97-7:143, 7:214-7:255, 9:66-9:77 och 9:89-9:170 enligt anl\u00e4ggningsbeslut meddelat 1985-05-08 (Dnr OK1 74\/85)<\/p>\n<p><strong>\u00a73\u00a0GRUNDERNA F\u00d6R F\u00d6RVALTNINGEN<\/strong><br \/>\nSamf\u00e4lligheten(erna) skall f\u00f6rvaltas i enlighet med vad som vid bildandet best\u00e4mts om dess (deras) andam\u00e5l<\/p>\n<p><strong>\u00a74\u00a0MEDLEM<\/strong><br \/>\nMedlem i f\u00f6reningen \u00e4r \u00e4gare till fastighet eller d\u00e4rmed j\u00e4mst\u00e4lld egendom, som har del i samf\u00e4llighet upptagen under \u00a72<\/p>\n<p><strong>\u00a75\u00a0STYRELSE<\/strong>\u00a0s\u00e4te, sammans\u00e4ttning<br \/>\nF\u00f6r f\u00f6reningen skall finnas en styrelse med s\u00e4te i G\u00f6teborgs kommun.\u00a0Styrelsen skall best\u00e5 av 5 ledam\u00f6ter och 2 suppleanter.<\/p>\n<p><strong>\u00a76\u00a0STYRELSE<\/strong>\u00a0val<br \/>\nStyrelsen v\u00e4ljs vid ordinarie f\u00f6reningsst\u00e4mma.Mandattiden f\u00f6r ledamot \u00e4r 2 \u00e5r och suppleant ett \u00e5r.\u00a0F\u00f6rsta g\u00e5ngen val \u00e4ger rum skall 2 ledam\u00f6ter v\u00e4ljas p\u00e5 endast ett \u00e5r.\u00a0St\u00e4mman utser ordf\u00f6rande bland styrelsens ledam\u00f6ter. I \u00f6vrigt konstituerar styrelsen sig sj\u00e4lv.<\/p>\n<p><strong>\u00a77\u00a0STYRELSE<\/strong>\u00a0kallelse till sammantr\u00e4de, f\u00f6redragningslista<br \/>\nKallelse till styrelsesammantr\u00e4de, vilken skall inneh\u00e5lla uppgift om f\u00f6rekommande \u00e4renden skall tillst\u00e4llas ledam\u00f6terna minst 7 dagar f\u00f6re sammantr\u00e4det. Suppleanterna skall inom samma tid tillst\u00e4llas under\u00e4ttelse om sammantr\u00e4det och f\u00f6rekommande \u00e4renden. Ledamot, som \u00e4r f\u00f6rhindrad att n\u00e4rvara, skall genast meddela detta till ordf\u00f6randen, som har att omedelbart kalla suppleant i ledamotens st\u00e4lle. Suppleant som ej tj\u00e4nstg\u00f6r i ledamotens st\u00e4lle har r\u00e4tt att n\u00e4rvara vid sammantr\u00e4det men har ej r\u00f6str\u00e4tt.<\/p>\n<p><strong>\u00a78\u00a0STYRELSE<\/strong>\u00a0beslutsf\u00f6rhet, protokoll<br \/>\nStyrelsen \u00e4r beslutf\u00f6r n\u00e4r kallelse skett i beh\u00f6rig ordning och minst halva antalet styrelseledam\u00f6ter \u00e4r n\u00e4rvarande. Utan hinder h\u00e4rav skall styrelssammantr\u00e4de anses beh\u00f6rigen utlyst om samtliga ordinarie ledam\u00f6ter infunnit sig till sammantr\u00e4det. Som styrelsens beslut g\u00e4ller den mening om vilken de flesta r\u00f6stande f\u00f6renar sig. Vid lika r\u00f6stantal avg\u00f6rs val genom lottning. I andra fr\u00e5gor g\u00e4ller den mening som bitr\u00e4des av ordf\u00f6randen.<\/p>\n<p>Utan att ha angivits i kallelsen f\u00e5r \u00e4rende avg\u00f6ras om minst tv\u00e5 tredjedelar av styrelseledam\u00f6terna \u00e4r n\u00e4rvarande och ense om beslutet.<\/p>\n<p>Fr\u00e5ga f\u00e5r utan hinder av best\u00e4mmelserna i f\u00f6rsta stycket avg\u00f6ras utan kallelse om samtliga ordinarie ledam\u00f6ter \u00e4r ense om beslutet.<\/p>\n<p>Den som deltagit i avg\u00f6randet av \u00e4rende \u00e4ger anf\u00f6ra reservation mot beslutet. S\u00e5dan reservation skall anm\u00e4las f\u00f6re sammantr\u00e4dets slut.<\/p>\n<p>\u00d6ver \u00e4renden i vilka styrelsen fattat beslut skall f\u00f6ras protokoll som upptar datum, deltagande ledam\u00f6ter och suppleanter, kort beskrivning av \u00e4rendet, styrelsens beslut samt anf\u00f6rda reservationer. Protokollet skall justeras av ordf\u00f6randen eller annan ledamot som vid f\u00f6rfall f\u00f6r orf\u00f6randen lett sammantr\u00e4det.<\/p>\n<p><strong>\u00a79\u00a0STYRELSE<\/strong>\u00a0f\u00f6rvaltning<br \/>\nStyrelsen skall:<\/p>\n<p>* F\u00f6rvalta samf\u00e4lligheten(erna) och f\u00f6reningens tillg\u00e5ngar.<\/p>\n<p>* F\u00f6ra redovisning \u00f6ver f\u00f6reningens r\u00e4kenskaper.<\/p>\n<p>* F\u00f6ra f\u00f6rteckning \u00f6ver del\u00e4gande fastigheter, dessas andelstal och \u00e4gare.<\/p>\n<p>* \u00c5rligen till ordinarie st\u00e4mma avge f\u00f6rvaltningsber\u00e4ttelse \u00f6ver f\u00f6reningens verksamhet och ekonomi.<\/p>\n<p>Om f\u00f6rvaltningen omfattar flera samf\u00e4lligheter eller annars \u00e4r uppdelad p\u00e5 olika verksamhetsgrenar och medlemmarnas andelar inte \u00e4r lika stora i alla verksamhetsgrenar, f\u00f6ra s\u00e4rskild redovisning f\u00f6r varje s\u00e5dan gren.<\/p>\n<p>I \u00f6vrigt fullg\u00f6ra vad lagen f\u00f6reskriver om styrelsens handhavande av f\u00f6reningens angel\u00e4genheter.<\/p>\n<p><strong>\u00a710\u00a0REVISION<\/strong><br \/>\nF\u00f6r granskning av styrelsens f\u00f6rvaltning skall medlemmarna p\u00e5 ordinarie f\u00f6reningsst\u00e4mma utse 2 revisorer och 2 suppleanter.<\/p>\n<p>Revisions ber\u00e4ttelse skall \u00f6verl\u00e4mnas till styrelsen senast tre veckor f\u00f6re ordinarie st\u00e4mma.<\/p>\n<p><strong>\u00a711\u00a0R\u00c4KENSKAPSPERIOD<\/strong><br \/>\nF\u00f6reningens r\u00e4kenskaper omfattar tiden: 1\/1 &#8211; 31\/12<\/p>\n<p><strong>\u00a712\u00a0F\u00d6RENINGSST\u00c4MMA<\/strong><br \/>\nOrdinarie st\u00e4mma skall \u00e5rligen h\u00e5llas under maj m\u00e5nad p\u00e5 tid och plats som styrelsen best\u00e4mmer.<\/p>\n<p>Styrelsen kan n\u00e4r den finner det erfordeligt utlysa extra st\u00e4mma.<\/p>\n<p>Om st\u00e4mma skall godk\u00e4nna uttaxering skall styrelsen bereda medlemmarna tillf\u00e4lle att fr\u00e5n det kallelse\u00e5tg\u00e4rd vidtagits ta del av debiteringsl\u00e4ngd, utvisande det belopp som skall uttaxeras, vad som bel\u00f6per p\u00e5 varje medlem och n\u00e4r betalning skall ske. F\u00f6re ordinarie st\u00e4mma skall dessutom f\u00f6rvaltningsber\u00e4ttelse och revisionsber\u00e4ttelse f\u00f6r den avslutade r\u00e4kenskapsperioden samt utgifts- och inkomststat finnas tillg\u00e4nglig f\u00f6r granskning under samma tid.<\/p>\n<p><strong>\u00a713\u00a0KALLELSE TILL ST\u00c4MMA<\/strong><br \/>\nKallelse till st\u00e4mma skall utf\u00e4rdas av styrelsen och ske genom brev<\/p>\n<p>Kallelse\u00e5tg\u00e4rd skall vidtas senast 14 dagar f\u00f6re sammantr\u00e4det.<\/p>\n<p>I kallelsen skall anges vilka \u00e4renden som skall f\u00f6rekomma p\u00e5 st\u00e4mman och l\u00e4mnas uppgift om plats d\u00e4r i \u00a712 angivna handlingar finns tillg\u00e4ngliga.<\/p>\n<p>Andra meddelanden skall genom styrelsens f\u00f6rsorg bringas till medlemmarnas k\u00e4nnedom genom brev.<\/p>\n<p><strong>\u00a714\u00a0MOTIONER<\/strong><br \/>\nMedlem kan genom motion v\u00e4cka f\u00f6rslag r\u00f6rande f\u00f6reningens verksamhet. Motion, som skall behandlas p\u00e5 ordinarie st\u00e4mma, skall vara styrelsen tillhanda senast under mars m\u00e5nad. (\u00e4ndr enl protokoll 86-05-28)<\/p>\n<p>Styrelsen skall bereda avgivna motioner och h\u00e5lla dem tillg\u00e4ngliga f\u00f6r medlemmarna tillsammans med f\u00f6rvaltningsber\u00e4ttelsen.<\/p>\n<p><strong>\u00a715\u00a0DAGORDNING VID ORDINARIE ST\u00c4MMA<\/strong><br \/>\nVid ordinarie st\u00e4mma skall f\u00f6ljande \u00e4renden behandlas:<\/p>\n<p>* Val av orf\u00f6rande av st\u00e4mman.<\/p>\n<p>* Val av sekreterare f\u00f6r st\u00e4mman (normalt f\u00f6reningens sekreterare)<\/p>\n<p>* Val av tv\u00e5 justeringsm\u00e4n.<\/p>\n<p>* Styrelsens och revisorernas ber\u00e4ttelse.<\/p>\n<p>* Ansvarsfrihet f\u00f6r styrelsen.<\/p>\n<p>* Framst\u00e4llningar fr\u00e5n styrelsen eller motioner fr\u00e5n medlemmarna.<\/p>\n<p>* Ers\u00e4ttning till styrelsen och revisorerna.<\/p>\n<p>* Styrelsens f\u00f6rslag till utgifts- och inkomststat samt debiteringsl\u00e4ngd.<\/p>\n<p>* Val av styrelse och styrelseorf\u00f6rande.<\/p>\n<p>* Val av revisorer.<\/p>\n<p>* Fr\u00e5ga om val av valberedning.<\/p>\n<p>* \u00d6vriga fr\u00e5gor.<\/p>\n<p>* Meddelande av plats d\u00e4r st\u00e4mmaprotokollet h\u00e5lles tillg\u00e4ngligt.<\/p>\n<p><strong>\u00a716\u00a0DISPOSITION AV AVKASTNING<\/strong><br \/>\nF\u00f6rdelning av \u00f6verskott skall ske efter medlemmarnas andelar i samf\u00e4lligheten.<\/p>\n<p><strong>\u00a717\u00a0ST\u00c4MMOBESLUT<\/strong><br \/>\nBeslut fattas med acklamation om inte omr\u00f6stning beg\u00e4rs. i fr\u00e5ga om omr\u00f6stning m.m. g\u00e4ller 48,49,51 och 52 \u00a7\u00a7lagen om f\u00f6rvaltning av samf\u00e4lligheter. N\u00e4r omr\u00f6stning f\u00f6retas skall till protokollet antecknas de omst\u00e4ndigheter ang\u00e5ende r\u00f6str\u00e4tt, andelstal, ombud m.m. som har betydelse f\u00f6r bed\u00f6mandet av r\u00f6stresultatet. Val skall ske med slutna sedlar om n\u00e5gon beg\u00e4r det.<\/p>\n<p><strong>\u00a718 FLERA VERKSAMHETSGRENAR<\/strong>\u00a0\u00a0\u00a0\u00a0\u00a0 Struket<\/p>\n<p><strong>\u00a719\u00a0PROTOKOLLSJUSTERING TILLG\u00c4NGLIGH\u00c5LLANDE<\/strong><br \/>\nSt\u00e4mmoprotokollet skall justeras inom tv\u00e5 veckor efter st\u00e4mman och d\u00e4refter h\u00e5llas tillg\u00e4ngligt f\u00f6r medlemmarna.<\/p>\n","protected":false},"excerpt":{"rendered":"<p>Stadgar f\u00f6r Gl\u00f6storps Samf\u00e4llighetsf\u00f6rening \u00a71\u00a0FIRMA F\u00f6reningens Firma \u00e4r GL\u00d6STORPS SAMF\u00c4LLIGHETSF\u00d6RENING \u00a72\u00a0SAMF\u00c4LLIGHETER F\u00f6reningen f\u00f6rvaltar: Anl\u00e4ggningssamf\u00e4lligheten f\u00f6r inomkvartersgator, va-ledningar mm ber\u00f6rande Tuve 7:19-7:25, 7:97-7:143, 7:214-7:255, 9:66-9:77 och 9:89-9:170 enligt anl\u00e4ggningsbeslut meddelat 1985-05-08 (Dnr OK1 74\/85) \u00a73\u00a0GRUNDERNA F\u00d6R F\u00d6RVALTNINGEN Samf\u00e4lligheten(erna) skall f\u00f6rvaltas i enlighet med vad som vid bildandet best\u00e4mts om dess (deras) [&hellip;]<\/p>\n","protected":false},"author":2,"featured_media":0,"parent":0,"menu_order":0,"comment_status":"closed","ping_status":"open","template":"","meta":{"footnotes":""},"class_list":["post-85","page","type-page","status-publish","hentry"],"_links":{"self":[{"href":"https:\/\/norumsgarde.com\/index.php?rest_route=\/wp\/v2\/pages\/85","targetHints":{"allow":["GET"]}}],"collection":[{"href":"https:\/\/norumsgarde.com\/index.php?rest_route=\/wp\/v2\/pages"}],"about":[{"href":"https:\/\/norumsgarde.com\/index.php?rest_route=\/wp\/v2\/types\/page"}],"author":[{"embeddable":true,"href":"https:\/\/norumsgarde.com\/index.php?rest_route=\/wp\/v2\/users\/2"}],"replies":[{"embeddable":true,"href":"https:\/\/norumsgarde.com\/index.php?rest_route=%2Fwp%2Fv2%2Fcomments&post=85"}],"version-history":[{"count":3,"href":"https:\/\/norumsgarde.com\/index.php?rest_route=\/wp\/v2\/pages\/85\/revisions"}],"predecessor-version":[{"id":586,"href":"https:\/\/norumsgarde.com\/index.php?rest_route=\/wp\/v2\/pages\/85\/revisions\/586"}],"wp:attachment":[{"href":"https:\/\/norumsgarde.com\/index.php?rest_route=%2Fwp%2Fv2%2Fmedia&parent=85"}],"curies":[{"name":"wp","href":"https:\/\/api.w.org\/{rel}","templated":true}]}}