{"id":7,"date":"2013-08-21T22:32:35","date_gmt":"2013-08-21T22:32:35","guid":{"rendered":"http:\/\/norumsgarde.com\/?page_id=7"},"modified":"2023-10-14T12:39:43","modified_gmt":"2023-10-14T10:39:43","slug":"hem","status":"publish","type":"page","link":"https:\/\/norumsgarde.com\/","title":{"rendered":"Hem"},"content":{"rendered":"<h1>V\u00e4lkommen!<\/h1>\n<p>I stadsdelen Tuve i G\u00f6teborg hittar du det trevliga och barnv\u00e4nliga bostadsomr\u00e5det Norumsg\u00e4rde. Omr\u00e5det, som byggdes p\u00e5 1960-talet, best\u00e5r av omkring 190 frik\u00f6pta radhus och de gemensamma funktionerna och ytorna \u00e4gs och f\u00f6rvaltas av Gl\u00f6storps samf\u00e4llighetsf\u00f6rening. Det inneb\u00e4r att vi som bor p\u00e5 Norumsg\u00e4rde tillsammans \u00e4ger och beslutar \u00f6ver exempelvis v\u00e5ra garage, lekplatser, g\u00e5ngbanor och bollplaner. H\u00e4r p\u00e5 sidan finns information, b\u00e5de de senaste nyheterna och de \u00e4ldsta stadgarna, f\u00f6r dig som boende men \u00e4ven f\u00f6r dig som \u00e4r intresserad av att kanske flytta hit och vill veta mer om Norumsg\u00e4rde.<\/p>\n","protected":false},"excerpt":{"rendered":"<p>V\u00e4lkommen! I stadsdelen Tuve i G\u00f6teborg hittar du det trevliga och barnv\u00e4nliga bostadsomr\u00e5det Norumsg\u00e4rde. Omr\u00e5det, som byggdes p\u00e5 1960-talet, best\u00e5r av omkring 190 frik\u00f6pta radhus och de gemensamma funktionerna och ytorna \u00e4gs och f\u00f6rvaltas av Gl\u00f6storps samf\u00e4llighetsf\u00f6rening. Det inneb\u00e4r att vi som bor p\u00e5 Norumsg\u00e4rde tillsammans \u00e4ger och beslutar \u00f6ver [&hellip;]<\/p>\n","protected":false},"author":1,"featured_media":0,"parent":0,"menu_order":0,"comment_status":"open","ping_status":"open","template":"","meta":{"footnotes":""},"class_list":["post-7","page","type-page","status-publish","hentry"],"_links":{"self":[{"href":"https:\/\/norumsgarde.com\/index.php?rest_route=\/wp\/v2\/pages\/7","targetHints":{"allow":["GET"]}}],"collection":[{"href":"https:\/\/norumsgarde.com\/index.php?rest_route=\/wp\/v2\/pages"}],"about":[{"href":"https:\/\/norumsgarde.com\/index.php?rest_route=\/wp\/v2\/types\/page"}],"author":[{"embeddable":true,"href":"https:\/\/norumsgarde.com\/index.php?rest_route=\/wp\/v2\/users\/1"}],"replies":[{"embeddable":true,"href":"https:\/\/norumsgarde.com\/index.php?rest_route=%2Fwp%2Fv2%2Fcomments&post=7"}],"version-history":[{"count":26,"href":"https:\/\/norumsgarde.com\/index.php?rest_route=\/wp\/v2\/pages\/7\/revisions"}],"predecessor-version":[{"id":591,"href":"https:\/\/norumsgarde.com\/index.php?rest_route=\/wp\/v2\/pages\/7\/revisions\/591"}],"wp:attachment":[{"href":"https:\/\/norumsgarde.com\/index.php?rest_route=%2Fwp%2Fv2%2Fmedia&parent=7"}],"curies":[{"name":"wp","href":"https:\/\/api.w.org\/{rel}","templated":true}]}}