{"id":167,"date":"2013-08-23T15:04:19","date_gmt":"2013-08-23T13:04:19","guid":{"rendered":"http:\/\/norumsgarde.com\/?page_id=167"},"modified":"2023-10-14T12:34:11","modified_gmt":"2023-10-14T10:34:11","slug":"omradet","status":"publish","type":"page","link":"https:\/\/norumsgarde.com\/?page_id=167","title":{"rendered":"Omr\u00e5det"},"content":{"rendered":"<h2><span style=\"color: #f6343e;\">Omr\u00e5det<\/span><\/h2>\n<p>Historia &#8211; info om Norumsg\u00e4rdes historik kommer s\u00e5 sm\u00e5ningom. Har du information eller bilder fr\u00e5n Norumsg\u00e4rde &#8220;f\u00f6rr&#8221;? Kontakta g\u00e4rna <a title=\"Styrelsen\" href=\"http:\/\/norumsgarde.com\/styrelsen\/\">styrelsen<\/a>.<\/p>\n<p><a href=\"http:\/\/norumsgarde.com\/wp-content\/uploads\/2013\/08\/omrades_ritning.jpg\"><img loading=\"lazy\" decoding=\"async\" src=\"http:\/\/norumsgarde.com\/wp-content\/uploads\/2013\/08\/omrades_ritning.jpg\" alt=\"\" width=\"1210\" height=\"472\" class=\"alignnone size-full wp-image-166\" srcset=\"https:\/\/norumsgarde.com\/wp-content\/uploads\/2013\/08\/omrades_ritning.jpg 1210w, https:\/\/norumsgarde.com\/wp-content\/uploads\/2013\/08\/omrades_ritning-300x117.jpg 300w, https:\/\/norumsgarde.com\/wp-content\/uploads\/2013\/08\/omrades_ritning-1030x401.jpg 1030w, https:\/\/norumsgarde.com\/wp-content\/uploads\/2013\/08\/omrades_ritning-450x175.jpg 450w\" sizes=\"auto, (max-width: 1210px) 100vw, 1210px\" \/><\/a><\/p>\n<p>Omr\u00e5desritning\u00a0 (stor).<\/p>\n<p><a href=\"http:\/\/norumsgarde.com\/wp-content\/uploads\/2013\/08\/omrades_ritning_stor.jpg\"><img loading=\"lazy\" decoding=\"async\" src=\"http:\/\/norumsgarde.com\/wp-content\/uploads\/2013\/08\/omrades_ritning_stor.jpg\" alt=\"\" width=\"1692\" height=\"568\" class=\"alignnone size-full wp-image-165\" srcset=\"https:\/\/norumsgarde.com\/wp-content\/uploads\/2013\/08\/omrades_ritning_stor.jpg 1692w, https:\/\/norumsgarde.com\/wp-content\/uploads\/2013\/08\/omrades_ritning_stor-300x100.jpg 300w, https:\/\/norumsgarde.com\/wp-content\/uploads\/2013\/08\/omrades_ritning_stor-1030x345.jpg 1030w, https:\/\/norumsgarde.com\/wp-content\/uploads\/2013\/08\/omrades_ritning_stor-1500x503.jpg 1500w, https:\/\/norumsgarde.com\/wp-content\/uploads\/2013\/08\/omrades_ritning_stor-450x151.jpg 450w\" sizes=\"auto, (max-width: 1692px) 100vw, 1692px\" \/><\/a><\/p>\n<p>St\u00e4domr\u00e5de f\u00f6r varje l\u00e4nga (TUR)<\/p>\n<p><a href=\"http:\/\/norumsgarde.com\/wp-content\/uploads\/2018\/06\/Staedomr--den-copy.jpg\"><img loading=\"lazy\" decoding=\"async\" src=\"http:\/\/norumsgarde.com\/wp-content\/uploads\/2018\/06\/Staedomr--den-copy.jpg\" alt=\"\" width=\"1209\" height=\"472\" class=\"alignnone size-full wp-image-519\" srcset=\"https:\/\/norumsgarde.com\/wp-content\/uploads\/2018\/06\/Staedomr--den-copy.jpg 1209w, https:\/\/norumsgarde.com\/wp-content\/uploads\/2018\/06\/Staedomr--den-copy-300x117.jpg 300w, https:\/\/norumsgarde.com\/wp-content\/uploads\/2018\/06\/Staedomr--den-copy-1030x402.jpg 1030w, https:\/\/norumsgarde.com\/wp-content\/uploads\/2018\/06\/Staedomr--den-copy-705x275.jpg 705w, https:\/\/norumsgarde.com\/wp-content\/uploads\/2018\/06\/Staedomr--den-copy-450x175.jpg 450w\" sizes=\"auto, (max-width: 1209px) 100vw, 1209px\" \/><\/a><\/p>\n","protected":false},"excerpt":{"rendered":"<p>Omr\u00e5det Historia &#8211; info om Norumsg\u00e4rdes historik kommer s\u00e5 sm\u00e5ningom. Har du information eller bilder fr\u00e5n Norumsg\u00e4rde &#8220;f\u00f6rr&#8221;? Kontakta g\u00e4rna styrelsen. Omr\u00e5desritning\u00a0 (stor). St\u00e4domr\u00e5de f\u00f6r varje l\u00e4nga (TUR)<\/p>\n","protected":false},"author":2,"featured_media":0,"parent":0,"menu_order":0,"comment_status":"closed","ping_status":"open","template":"","meta":{"footnotes":""},"class_list":["post-167","page","type-page","status-publish","hentry"],"_links":{"self":[{"href":"https:\/\/norumsgarde.com\/index.php?rest_route=\/wp\/v2\/pages\/167","targetHints":{"allow":["GET"]}}],"collection":[{"href":"https:\/\/norumsgarde.com\/index.php?rest_route=\/wp\/v2\/pages"}],"about":[{"href":"https:\/\/norumsgarde.com\/index.php?rest_route=\/wp\/v2\/types\/page"}],"author":[{"embeddable":true,"href":"https:\/\/norumsgarde.com\/index.php?rest_route=\/wp\/v2\/users\/2"}],"replies":[{"embeddable":true,"href":"https:\/\/norumsgarde.com\/index.php?rest_route=%2Fwp%2Fv2%2Fcomments&post=167"}],"version-history":[{"count":6,"href":"https:\/\/norumsgarde.com\/index.php?rest_route=\/wp\/v2\/pages\/167\/revisions"}],"predecessor-version":[{"id":584,"href":"https:\/\/norumsgarde.com\/index.php?rest_route=\/wp\/v2\/pages\/167\/revisions\/584"}],"wp:attachment":[{"href":"https:\/\/norumsgarde.com\/index.php?rest_route=%2Fwp%2Fv2%2Fmedia&parent=167"}],"curies":[{"name":"wp","href":"https:\/\/api.w.org\/{rel}","templated":true}]}}