{"id":113,"date":"2013-08-23T12:05:57","date_gmt":"2013-08-23T10:05:57","guid":{"rendered":"http:\/\/norumsgarde.com\/?page_id=113"},"modified":"2023-10-14T12:25:08","modified_gmt":"2023-10-14T10:25:08","slug":"nyhetsbrev","status":"publish","type":"page","link":"https:\/\/norumsgarde.com\/?page_id=113","title":{"rendered":"Nyhetsbrev"},"content":{"rendered":"<h2><span style=\"color: #f6343e;\">Nyhetsbrev<\/span><\/h2>\n<p>Ett par g\u00e5nger om \u00e5ret s\u00e4tter styrelsen samman ett nyhetsbrev, &#8220;NG-info&#8221;, som delas ut till de boende p\u00e5 Norumsg\u00e4rde. Du kan ocks\u00e5 hitta dem h\u00e4r p\u00e5 n\u00e4tet, om du f\u00f6redrar att l\u00e4sa dem elektroniskt eller vill g\u00e5 tillbaka till tidigare nummer f\u00f6r att friska upp minnet.<\/p>\n<h3>2012<\/h3>\n<p><a href=\"http:\/\/norumsgarde.com\/wp-content\/uploads\/2013\/08\/INFO2012-Nr-01.docx\">INFO2012_Nr_01<\/a><\/p>\n<p><a href=\"http:\/\/norumsgarde.com\/wp-content\/uploads\/2013\/08\/INFO2012-Nr-02.docx\">INFO2012_Nr_02<\/a><\/p>\n<p><a href=\"http:\/\/norumsgarde.com\/wp-content\/uploads\/2013\/08\/INFO2012-Nr-03.docx\">INFO2012_Nr_03<\/a><\/p>\n<p><a href=\"http:\/\/norumsgarde.com\/wp-content\/uploads\/2013\/08\/INFO2012-Nr-04.docx\">INFO2012_Nr_04<\/a><\/p>\n<h3>2013<\/h3>\n<p style=\"text-align: left;\"><a href=\"http:\/\/norumsgarde.com\/wp-content\/uploads\/2013\/08\/INFO2013_Nr_01.pdf\" target=\"_blank\" rel=\"noopener\">INFO2013_Nr_01<\/a><\/p>\n<p style=\"text-align: left;\"><a href=\"http:\/\/norumsgarde.com\/wp-content\/uploads\/2013\/08\/INFO2013_Nr_02.pdf\" target=\"_blank\" rel=\"noopener\">INFO2013_Nr_02<\/a><\/p>\n<p style=\"text-align: left;\"><a href=\"http:\/\/norumsgarde.com\/wp-content\/uploads\/2013\/08\/INFO2013_Nr_03.pdf\" target=\"_blank\" rel=\"noopener\">INFO2013_Nr_03<\/a><\/p>\n<p style=\"text-align: left;\"><a href=\"http:\/\/norumsgarde.com\/wp-content\/uploads\/2013\/08\/INFO2013-Nr-04.docx\" target=\"_blank\" rel=\"noopener\">INFO2013_Nr_04<\/a><\/p>\n<h3>2014<\/h3>\n<p><a href=\"http:\/\/norumsgarde.com\/wp-content\/uploads\/2013\/08\/INFO2014-Nr-01.docx\" target=\"_blank\" rel=\"noopener\">INFO2014_Nr_01<\/a><\/p>\n<p><a href=\"http:\/\/norumsgarde.com\/wp-content\/uploads\/2013\/08\/INFO2014-Nr-02.docx\" target=\"_blank\" rel=\"noopener\">INFO2014_Nr_02<\/a><\/p>\n<p><a href=\"http:\/\/norumsgarde.com\/wp-content\/uploads\/2013\/08\/INFO2014-Nr-03.docx\" target=\"_blank\" rel=\"noopener\">INFO2014_Nr_03<\/a><\/p>\n<p><a href=\"http:\/\/norumsgarde.com\/wp-content\/uploads\/2013\/08\/INFO2014-Nr-04.docx\" target=\"_blank\" rel=\"noopener\">INFO2014_Nr_04<\/a><\/p>\n<h3>2015<\/h3>\n<p><a href=\"http:\/\/norumsgarde.com\/wp-content\/uploads\/2013\/08\/INFO2015-Nr-01.docx\" target=\"_blank\" rel=\"noopener\">INFO2015_Nr_01<\/a><\/p>\n","protected":false},"excerpt":{"rendered":"<p>Nyhetsbrev Ett par g\u00e5nger om \u00e5ret s\u00e4tter styrelsen samman ett nyhetsbrev, &#8220;NG-info&#8221;, som delas ut till de boende p\u00e5 Norumsg\u00e4rde. Du kan ocks\u00e5 hitta dem h\u00e4r p\u00e5 n\u00e4tet, om du f\u00f6redrar att l\u00e4sa dem elektroniskt eller vill g\u00e5 tillbaka till tidigare nummer f\u00f6r att friska upp minnet. 2012 INFO2012_Nr_01 INFO2012_Nr_02 [&hellip;]<\/p>\n","protected":false},"author":2,"featured_media":0,"parent":0,"menu_order":0,"comment_status":"closed","ping_status":"open","template":"","meta":{"footnotes":""},"class_list":["post-113","page","type-page","status-publish","hentry"],"_links":{"self":[{"href":"https:\/\/norumsgarde.com\/index.php?rest_route=\/wp\/v2\/pages\/113","targetHints":{"allow":["GET"]}}],"collection":[{"href":"https:\/\/norumsgarde.com\/index.php?rest_route=\/wp\/v2\/pages"}],"about":[{"href":"https:\/\/norumsgarde.com\/index.php?rest_route=\/wp\/v2\/types\/page"}],"author":[{"embeddable":true,"href":"https:\/\/norumsgarde.com\/index.php?rest_route=\/wp\/v2\/users\/2"}],"replies":[{"embeddable":true,"href":"https:\/\/norumsgarde.com\/index.php?rest_route=%2Fwp%2Fv2%2Fcomments&post=113"}],"version-history":[{"count":16,"href":"https:\/\/norumsgarde.com\/index.php?rest_route=\/wp\/v2\/pages\/113\/revisions"}],"predecessor-version":[{"id":576,"href":"https:\/\/norumsgarde.com\/index.php?rest_route=\/wp\/v2\/pages\/113\/revisions\/576"}],"wp:attachment":[{"href":"https:\/\/norumsgarde.com\/index.php?rest_route=%2Fwp%2Fv2%2Fmedia&parent=113"}],"curies":[{"name":"wp","href":"https:\/\/api.w.org\/{rel}","templated":true}]}}