{"id":109,"date":"2013-08-23T12:02:05","date_gmt":"2013-08-23T10:02:05","guid":{"rendered":"http:\/\/norumsgarde.com\/?page_id=109"},"modified":"2014-11-04T10:41:15","modified_gmt":"2014-11-04T08:41:15","slug":"almanacka","status":"publish","type":"page","link":"https:\/\/norumsgarde.com\/?page_id=109","title":{"rendered":"Almanacka"},"content":{"rendered":"<p>[av_one_full first]<\/p>\n<p>[av_textblock ]<\/p>\n<h2><span style=\"color: #f6343e;\">Almanacka<\/span><\/h2>\n<p>H\u00e4r hittar du viktiga datum som g\u00e4ller under \u00e5ret, exempelvis f\u00f6r st\u00e4ddagarna (2 ggr per \u00e5r), kontaktmannam\u00f6ten och styrelsem\u00f6ten.<\/p>\n<p>2013-08-29 Styrelsem\u00f6te<\/p>\n<p>[\/av_textblock]<\/p>\n<p>[\/av_one_full]<\/p>\n","protected":false},"excerpt":{"rendered":"<p>[av_one_full first] [av_textblock ] Almanacka H\u00e4r hittar du viktiga datum som g\u00e4ller under \u00e5ret, exempelvis f\u00f6r st\u00e4ddagarna (2 ggr per \u00e5r), kontaktmannam\u00f6ten och styrelsem\u00f6ten. 2013-08-29 Styrelsem\u00f6te [\/av_textblock] [\/av_one_full]<\/p>\n","protected":false},"author":2,"featured_media":0,"parent":0,"menu_order":0,"comment_status":"closed","ping_status":"open","template":"","meta":{"footnotes":""},"class_list":["post-109","page","type-page","status-publish","hentry"],"_links":{"self":[{"href":"https:\/\/norumsgarde.com\/index.php?rest_route=\/wp\/v2\/pages\/109","targetHints":{"allow":["GET"]}}],"collection":[{"href":"https:\/\/norumsgarde.com\/index.php?rest_route=\/wp\/v2\/pages"}],"about":[{"href":"https:\/\/norumsgarde.com\/index.php?rest_route=\/wp\/v2\/types\/page"}],"author":[{"embeddable":true,"href":"https:\/\/norumsgarde.com\/index.php?rest_route=\/wp\/v2\/users\/2"}],"replies":[{"embeddable":true,"href":"https:\/\/norumsgarde.com\/index.php?rest_route=%2Fwp%2Fv2%2Fcomments&post=109"}],"version-history":[{"count":2,"href":"https:\/\/norumsgarde.com\/index.php?rest_route=\/wp\/v2\/pages\/109\/revisions"}],"predecessor-version":[{"id":330,"href":"https:\/\/norumsgarde.com\/index.php?rest_route=\/wp\/v2\/pages\/109\/revisions\/330"}],"wp:attachment":[{"href":"https:\/\/norumsgarde.com\/index.php?rest_route=%2Fwp%2Fv2%2Fmedia&parent=109"}],"curies":[{"name":"wp","href":"https:\/\/api.w.org\/{rel}","templated":true}]}}