{"id":55,"date":"2013-08-22T23:39:18","date_gmt":"2013-08-22T21:39:18","guid":{"rendered":"http:\/\/norumsgarde.com\/?page_id=55"},"modified":"2025-10-08T10:00:39","modified_gmt":"2025-10-08T08:00:39","slug":"styrelsen","status":"publish","type":"page","link":"http:\/\/norumsgarde.com\/?page_id=55","title":{"rendered":"Styrelsen och andra befattningar"},"content":{"rendered":"<h2 style=\"text-align: center;\"><span style=\"color: #f6343e;\">STYRELSEN<\/span><\/h2>\n<p>Email till styrelsen : styrelsen@norumsgarde.se<\/p>\n<hr \/>\n<p><em><\/em><\/p>\n<p><span style=\"color: #ff0000;\">ORDF\u00d6RANDE: (2021)<\/span><br \/>\nNatalia Stratu Kjellberg,<br \/>\nNorumsg\u00e4rde 3<br \/>\nTel: 0735-067645<br \/>\nnatalias(a)live.se<\/p>\n<hr \/>\n<p><em><span style=\"color: #ff0000;\">SEKRETERARE: (2004)<\/span><br \/>\n<\/em>Tony Turujlija<br \/>\nNorumsg\u00e4rde 37<br \/>\nTel: 0707 984146<br \/>\ntony.t(a)norumsgarde.se<\/p>\n<hr \/>\n<p><em><span style=\"color: #ff0000;\">KASS\u00d6R: (2018)<\/span><br \/>\n<\/em>Thomas Sandgren<br \/>\nNorumsg\u00e4rde 145<br \/>\nTel: 0729-774634<br \/>\nmtsandgren(a)fmail.com<\/p>\n<p>\u00c4ven<\/p>\n<p>Nyckelansvarig &#8211; K\u00e4llarg\u00e5ngs &amp; garagenycklar<\/p>\n<hr \/>\n<p><em><br \/>\n<span style=\"color: #ff0000;\">ORDINARIE LEDAMOT: (2016)<\/span><br \/>\n<\/em>Stefan Birgersson<br \/>\nNorusmg\u00e4rde 68<br \/>\nTel: 0704-914099<br \/>\nbirgerssonstefan(a)gmail.com<\/p>\n<hr \/>\n<p><em><span style=\"color: #ff0000;\">ORDINARIE LEDAMOT: (2019)<\/span><br \/>\nConny Blom<br \/>\nNorumsg\u00e4rde 30<br \/>\nTel: 0709-129578<br \/>\nconny.blom03(a)gmail.com<br \/>\n<\/em><\/p>\n<hr \/>\n<p><span style=\"color: #ff0000;\">SUPPLEANT: (2023)<\/span><br \/>\nEric Sandblom<br \/>\nNorumsg\u00e4rde 173<br \/>\nTel: 0705-608190<br \/>\neric(a)sandblom.se<\/p>\n<hr \/>\n<p><em><span style=\"color: #ff0000;\">SUPPLEANT: (2025)<\/span><br \/>\n<\/em>Sara Bergstr\u00f6m<br \/>\nNorumsg\u00e4rde 82<br \/>\nTel: 076-024 08 80<br \/>\n<a href=\"mailto:sara.bergstrom92@hotmail.com\">sara.bergstrom92(a)hotmail.com<\/a><\/p>\n<hr \/>\n<hr \/>\n<hr \/>\n<p><em><br \/>\n<span style=\"color: #ff0000;\">REVISORER:<\/span><\/em><br \/>\nMagnus Gustavsson, NG6\u00a0 (1900 -talet)<br \/>\nNiklas Vinhede, NG 104 (2024)<\/p>\n<hr \/>\n<hr \/>\n<h2 style=\"text-align: center;\"><span style=\"color: #f6343e;\">F\u00d6RVALTARE\u00a0<\/span><\/h2>\n<p><span style=\"color: #ff0000;\"><em><br \/>\n<\/em><\/span><em><span style=\"color: #ff0000;\">LEKPLATSER OCH ALLM\u00c4NT<\/span><\/em><br \/>\nThomas Sandgren Ng 145,<br \/>\nConny Blom, NG 30<\/p>\n<p><em><span style=\"color: #ff0000;\">VVS:<\/span><br \/>\n<\/em><span style=\"font-size: revert; color: initial;\">Peter J\u00f6nsson,<br \/>\n<\/span>Mobil: 070-579 74 68<br \/>\nE-Post: pedaj(a)live.se<\/p>\n<p><em><span style=\"color: #ff0000;\">EL:<br \/>\n<\/span><\/em><span style=\"font-size: revert; color: initial;\">H\u00e4r skulle vi g\u00e4rna vilja ha n\u00e5gon fr\u00e5n omr\u00e5det med elbeh\u00f6righet. Handlar mer om att ha koll p\u00e5 saker och ting och sm\u00e5jobb som g\u00e4ller endast f\u00f6reningen och efter egen f\u00f6rm\u00e5ga och om tid finns.\u00a0 Alla st\u00f6rre saker lejs ut men vi m\u00e5ste ha n\u00e5gon som kan omr\u00e5det.\u00a0 S\u00e5 anm\u00e4l ert intresse hos styrelsen&#8230;<\/span><\/p>\n<hr \/>\n<hr \/>\n<h2 style=\"text-align: center;\"><span style=\"color: #f6343e;\">VALBEREDNING<\/span><\/h2>\n<p>Sabina Gojak NG 146, 0737-50 02 66<br \/>\nAnita Andhult, NG 164, 0705-54 28 22<br \/>\nKerstin Skoglund, 143, 0739-24 67 75<\/p>\n<p>&nbsp;<\/p>\n","protected":false},"excerpt":{"rendered":"<p>STYRELSEN Email till styrelsen : styrelsen@norumsgarde.se ORDF\u00d6RANDE: (2021) Natalia Stratu Kjellberg, Norumsg\u00e4rde 3 Tel: 0735-067645 natalias(a)live.se SEKRETERARE: (2004) Tony Turujlija Norumsg\u00e4rde 37 Tel: 0707 984146 tony.t(a)norumsgarde.se KASS\u00d6R: (2018) Thomas Sandgren Norumsg\u00e4rde 145 Tel: 0729-774634 mtsandgren(a)fmail.com \u00c4ven Nyckelansvarig &#8211; K\u00e4llarg\u00e5ngs &amp; garagenycklar ORDINARIE LEDAMOT: (2016) Stefan Birgersson Norusmg\u00e4rde 68 Tel: 0704-914099 [&hellip;]<\/p>\n","protected":false},"author":2,"featured_media":0,"parent":0,"menu_order":0,"comment_status":"closed","ping_status":"open","template":"","meta":{"footnotes":""},"class_list":["post-55","page","type-page","status-publish","hentry"],"_links":{"self":[{"href":"http:\/\/norumsgarde.com\/index.php?rest_route=\/wp\/v2\/pages\/55","targetHints":{"allow":["GET"]}}],"collection":[{"href":"http:\/\/norumsgarde.com\/index.php?rest_route=\/wp\/v2\/pages"}],"about":[{"href":"http:\/\/norumsgarde.com\/index.php?rest_route=\/wp\/v2\/types\/page"}],"author":[{"embeddable":true,"href":"http:\/\/norumsgarde.com\/index.php?rest_route=\/wp\/v2\/users\/2"}],"replies":[{"embeddable":true,"href":"http:\/\/norumsgarde.com\/index.php?rest_route=%2Fwp%2Fv2%2Fcomments&post=55"}],"version-history":[{"count":65,"href":"http:\/\/norumsgarde.com\/index.php?rest_route=\/wp\/v2\/pages\/55\/revisions"}],"predecessor-version":[{"id":618,"href":"http:\/\/norumsgarde.com\/index.php?rest_route=\/wp\/v2\/pages\/55\/revisions\/618"}],"wp:attachment":[{"href":"http:\/\/norumsgarde.com\/index.php?rest_route=%2Fwp%2Fv2%2Fmedia&parent=55"}],"curies":[{"name":"wp","href":"https:\/\/api.w.org\/{rel}","templated":true}]}}