{"id":200,"date":"2013-09-09T21:44:28","date_gmt":"2013-09-09T19:44:28","guid":{"rendered":"http:\/\/norumsgarde.com\/?page_id=200"},"modified":"2023-10-14T12:25:31","modified_gmt":"2023-10-14T10:25:31","slug":"nyinflyttad","status":"publish","type":"page","link":"http:\/\/norumsgarde.com\/?page_id=200","title":{"rendered":"Nyinflyttad"},"content":{"rendered":"<p>Om du precis har flyttat till Norumsg\u00e4rde, eller \u00e4r p\u00e5 v\u00e4g att g\u00f6ra det, kan det vara bra att k\u00e4nna till en del praktiska saker. Givetvis \u00e4r det bra att du, s\u00e5 snart som m\u00f6jligt, l\u00e4ser in dig p\u00e5 stadgar och regler f\u00f6r omr\u00e5det. Men i f\u00f6rsta l\u00e4get \u00e4r det mycket annat att t\u00e4nka p\u00e5. Styrelsen h\u00e4lsar p\u00e5 alla nyinflyttade fastighets\u00e4gare och h\u00e4lsar dem v\u00e4lkomna. Vid detta bes\u00f6k f\u00e5r du en p\u00e4rm med lite v\u00e4lkomstinformation. Men du kan \u00e4ven hitta denna information h\u00e4r p\u00e5 hemsidan. Anv\u00e4nd l\u00e4nktexten eller klicka p\u00e5 bilden nedan f\u00f6r att tanka hem informationsmaterialet.<\/p>\n<p><em>Vi hoppas och tror att du kommer att trivas lika bra p\u00e5 Norumsg\u00e4rde som vi g\u00f6r!<\/em><\/p>\n<p><a href=\"http:\/\/norumsgarde.com\/wp-content\/uploads\/2013\/09\/Valkommen-Regler.pdf\"><img loading=\"lazy\" decoding=\"async\" class=\"alignnone size-thumbnail wp-image-145\" src=\"http:\/\/norumsgarde.com\/wp-content\/uploads\/2013\/08\/stadgar2-80x80.jpg\" alt=\"Valkommen-regler\" width=\"80\" height=\"80\" \/>Klicka p\u00e5 rullen h\u00e4r till v\u00e4nster<br \/>\n<\/a><\/p>\n","protected":false},"excerpt":{"rendered":"<p>Om du precis har flyttat till Norumsg\u00e4rde, eller \u00e4r p\u00e5 v\u00e4g att g\u00f6ra det, kan det vara bra att k\u00e4nna till en del praktiska saker. Givetvis \u00e4r det bra att du, s\u00e5 snart som m\u00f6jligt, l\u00e4ser in dig p\u00e5 stadgar och regler f\u00f6r omr\u00e5det. Men i f\u00f6rsta l\u00e4get \u00e4r det [&hellip;]<\/p>\n","protected":false},"author":2,"featured_media":0,"parent":0,"menu_order":0,"comment_status":"closed","ping_status":"open","template":"","meta":{"footnotes":""},"class_list":["post-200","page","type-page","status-publish","hentry"],"_links":{"self":[{"href":"http:\/\/norumsgarde.com\/index.php?rest_route=\/wp\/v2\/pages\/200","targetHints":{"allow":["GET"]}}],"collection":[{"href":"http:\/\/norumsgarde.com\/index.php?rest_route=\/wp\/v2\/pages"}],"about":[{"href":"http:\/\/norumsgarde.com\/index.php?rest_route=\/wp\/v2\/types\/page"}],"author":[{"embeddable":true,"href":"http:\/\/norumsgarde.com\/index.php?rest_route=\/wp\/v2\/users\/2"}],"replies":[{"embeddable":true,"href":"http:\/\/norumsgarde.com\/index.php?rest_route=%2Fwp%2Fv2%2Fcomments&post=200"}],"version-history":[{"count":9,"href":"http:\/\/norumsgarde.com\/index.php?rest_route=\/wp\/v2\/pages\/200\/revisions"}],"predecessor-version":[{"id":577,"href":"http:\/\/norumsgarde.com\/index.php?rest_route=\/wp\/v2\/pages\/200\/revisions\/577"}],"wp:attachment":[{"href":"http:\/\/norumsgarde.com\/index.php?rest_route=%2Fwp%2Fv2%2Fmedia&parent=200"}],"curies":[{"name":"wp","href":"https:\/\/api.w.org\/{rel}","templated":true}]}}