{"id":171,"date":"2013-08-23T15:17:30","date_gmt":"2013-08-23T13:17:30","guid":{"rendered":"http:\/\/norumsgarde.com\/?page_id=171"},"modified":"2023-10-14T12:09:03","modified_gmt":"2023-10-14T10:09:03","slug":"blanketter","status":"publish","type":"page","link":"http:\/\/norumsgarde.com\/?page_id=171","title":{"rendered":"Blanketter"},"content":{"rendered":"\n<h2 class=\"wp-block-heading\"><span style=\"color: #f6343e;\">Blanketter<\/span><\/h2>\n\n\n\n<p><a href=\"http:\/\/norumsgarde.com\/wp-content\/uploads\/2013\/08\/Bilkorning-pa-gagatorna.doc\" target=\"_blank\" rel=\"noopener\">Bilk\u00f6rning p\u00e5 v\u00e5ra g\u00e5gator f\u00f6rbjudet<\/a><\/p>\n\n\n\n<p><a href=\"http:\/\/norumsgarde.com\/wp-content\/uploads\/2013\/08\/Parkering-forbjuden-for-icke-NG.doc\" target=\"_blank\" rel=\"noopener\">Parkering f\u00f6rbjuden f\u00f6r icke norumsg\u00e4rde medlemmar<\/a><\/p>\n\n\n\n<p><a href=\"http:\/\/norumsgarde.com\/wp-content\/uploads\/2013\/08\/Endast-gastparkering-ej-for-medlemmarna.doc\" target=\"_blank\" rel=\"noopener\">F\u00f6rbjudet att egna medlemmar systematiskt utnyttjar g\u00e4stparkeringen<\/a><\/p>\n\n\n\n<p><a href=\"http:\/\/norumsgarde.com\/wp-content\/uploads\/2013\/08\/Biltvattning-forbjuden.doc\" target=\"_blank\" rel=\"noopener\">Biltv\u00e4tt f\u00f6rbjuden<\/a><\/p>\n\n\n\n<p><a href=\"http:\/\/norumsgarde.com\/wp-content\/uploads\/2013\/08\/Hacken.doc\" target=\"_blank\" rel=\"noopener\">Hur h\u00e4cken skall klippas<\/a><\/p>\n\n\n\n<p><a href=\"http:\/\/norumsgarde.com\/wp-content\/uploads\/2014\/11\/UTFLYTTAD-blankett.pdf\" target=\"_blank\" rel=\"noopener\">Avflyttad blankett<\/a><\/p>\n\n\n\n<p><a href=\"http:\/\/norumsgarde.com\/wp-content\/uploads\/2014\/11\/INFLYTTAD-Blankett.pdf\" target=\"_blank\" rel=\"noopener\">Inflyttad blankett<\/a><\/p>\n\n\n\n<p><a href=\"http:\/\/norumsgarde.com\/wp-content\/uploads\/2014\/11\/Valkommen-Regler.pdf\" target=\"_blank\" rel=\"noopener\">Trivselregler<\/a><\/p>\n\n\n\n<p><a href=\"http:\/\/norumsgarde.com\/wp-content\/uploads\/2013\/08\/Garage el.pdf\" target=\"_blank\" rel=\"noopener\">Garage el blankett<\/a><br><br><\/p>\n","protected":false},"excerpt":{"rendered":"<p>Blanketter Bilk\u00f6rning p\u00e5 v\u00e5ra g\u00e5gator f\u00f6rbjudet Parkering f\u00f6rbjuden f\u00f6r icke norumsg\u00e4rde medlemmar F\u00f6rbjudet att egna medlemmar systematiskt utnyttjar g\u00e4stparkeringen Biltv\u00e4tt f\u00f6rbjuden Hur h\u00e4cken skall klippas Avflyttad blankett Inflyttad blankett Trivselregler Garage el blankett<\/p>\n","protected":false},"author":2,"featured_media":0,"parent":0,"menu_order":0,"comment_status":"closed","ping_status":"open","template":"","meta":{"footnotes":""},"class_list":["post-171","page","type-page","status-publish","hentry"],"_links":{"self":[{"href":"http:\/\/norumsgarde.com\/index.php?rest_route=\/wp\/v2\/pages\/171","targetHints":{"allow":["GET"]}}],"collection":[{"href":"http:\/\/norumsgarde.com\/index.php?rest_route=\/wp\/v2\/pages"}],"about":[{"href":"http:\/\/norumsgarde.com\/index.php?rest_route=\/wp\/v2\/types\/page"}],"author":[{"embeddable":true,"href":"http:\/\/norumsgarde.com\/index.php?rest_route=\/wp\/v2\/users\/2"}],"replies":[{"embeddable":true,"href":"http:\/\/norumsgarde.com\/index.php?rest_route=%2Fwp%2Fv2%2Fcomments&post=171"}],"version-history":[{"count":9,"href":"http:\/\/norumsgarde.com\/index.php?rest_route=\/wp\/v2\/pages\/171\/revisions"}],"predecessor-version":[{"id":559,"href":"http:\/\/norumsgarde.com\/index.php?rest_route=\/wp\/v2\/pages\/171\/revisions\/559"}],"wp:attachment":[{"href":"http:\/\/norumsgarde.com\/index.php?rest_route=%2Fwp%2Fv2%2Fmedia&parent=171"}],"curies":[{"name":"wp","href":"https:\/\/api.w.org\/{rel}","templated":true}]}}