{"id":160,"date":"2013-08-23T14:57:04","date_gmt":"2013-08-23T12:57:04","guid":{"rendered":"http:\/\/norumsgarde.com\/?page_id=160"},"modified":"2023-10-14T12:37:30","modified_gmt":"2023-10-14T10:37:30","slug":"tips","status":"publish","type":"page","link":"http:\/\/norumsgarde.com\/?page_id=160","title":{"rendered":"Tips"},"content":{"rendered":"<h2><span style=\"color: #f6343e;\">Tips<\/span><\/h2>\n<p>YTTERBELYSNING &#8211; L\u00e5t g\u00e4rna ytterbelysningen till entred\u00f6rren vara p\u00e5. S\u00e4tt i en l\u00e5genergi lampa s\u00e5 \u00e4r kostnaden minimal p\u00e5 ett \u00e5r. Ist\u00e4llet f\u00e4r vi ett s\u00e4krare omr\u00e5de att g\u00e5 i under den m\u00f6rka delen av dygnet.<\/p>\n<p>UNDVIK VATTENSKADOR &#8211; Ladda ner <a href=\"http:\/\/norumsgarde.com\/wp-content\/uploads\/2013\/08\/vattenskada_tips.pdf\" target=\"_blank\" rel=\"noopener\">d\u00e4r h\u00e4r bilden<\/a> f\u00f6r info om hur du kan f\u00f6rebygga vattenskador.<\/p>\n<p>L\u00c4CKANDE GAMMAL VENTIL &#8211; Det \u00e4r m\u00e5nga som inte vet om att det faktiskt finns en ventil som passar v\u00e5ra gamla element, det har ju alltid hetat att det inte finns att f\u00e5 tag p\u00e5 o-ringar m.m. Men av en &#8220;slump&#8221; s\u00e5 fick vi vetskap om att det faktiskt finns en sats som kan ers\u00e4tta den befintliga och som inneb\u00e4r att man inte m\u00e5ste byta hela elementet m.m. H\u00e4r \u00e4r en <a href=\"http:\/\/www.mma.se\/produkter\/etthalsventilrotventil-rfa-38vbb\/\" target=\"_blank\" rel=\"noopener\">l\u00e4nk till utbytessatsen<\/a>,\u00a0s\u00e5 ser ni hur den ser ut. Detta \u00e4r ifr\u00e5n en \u00e5terf\u00f6rs\u00e4ljare, s\u00e5 ni m\u00e5ste best\u00e4lla ifr\u00e5n en VVS aff\u00e4r. Artikelnummer\u00a09000266. \u00a0D\u00e4rtill tillkommer sj\u00e4lva termostaten. \u00a0Men denna \u00e5tg\u00e4rd kommer att f\u00f6rb\u00e4ttra v\u00e4rmef\u00f6rdelningen i fastigheten.<\/p>\n","protected":false},"excerpt":{"rendered":"<p>Tips YTTERBELYSNING &#8211; L\u00e5t g\u00e4rna ytterbelysningen till entred\u00f6rren vara p\u00e5. S\u00e4tt i en l\u00e5genergi lampa s\u00e5 \u00e4r kostnaden minimal p\u00e5 ett \u00e5r. Ist\u00e4llet f\u00e4r vi ett s\u00e4krare omr\u00e5de att g\u00e5 i under den m\u00f6rka delen av dygnet. UNDVIK VATTENSKADOR &#8211; Ladda ner d\u00e4r h\u00e4r bilden f\u00f6r info om hur du [&hellip;]<\/p>\n","protected":false},"author":2,"featured_media":0,"parent":0,"menu_order":0,"comment_status":"closed","ping_status":"open","template":"","meta":{"footnotes":""},"class_list":["post-160","page","type-page","status-publish","hentry"],"_links":{"self":[{"href":"http:\/\/norumsgarde.com\/index.php?rest_route=\/wp\/v2\/pages\/160","targetHints":{"allow":["GET"]}}],"collection":[{"href":"http:\/\/norumsgarde.com\/index.php?rest_route=\/wp\/v2\/pages"}],"about":[{"href":"http:\/\/norumsgarde.com\/index.php?rest_route=\/wp\/v2\/types\/page"}],"author":[{"embeddable":true,"href":"http:\/\/norumsgarde.com\/index.php?rest_route=\/wp\/v2\/users\/2"}],"replies":[{"embeddable":true,"href":"http:\/\/norumsgarde.com\/index.php?rest_route=%2Fwp%2Fv2%2Fcomments&post=160"}],"version-history":[{"count":3,"href":"http:\/\/norumsgarde.com\/index.php?rest_route=\/wp\/v2\/pages\/160\/revisions"}],"predecessor-version":[{"id":589,"href":"http:\/\/norumsgarde.com\/index.php?rest_route=\/wp\/v2\/pages\/160\/revisions\/589"}],"wp:attachment":[{"href":"http:\/\/norumsgarde.com\/index.php?rest_route=%2Fwp%2Fv2%2Fmedia&parent=160"}],"curies":[{"name":"wp","href":"https:\/\/api.w.org\/{rel}","templated":true}]}}