{"id":155,"date":"2013-08-23T14:43:03","date_gmt":"2013-08-23T12:43:03","guid":{"rendered":"http:\/\/norumsgarde.com\/?page_id=155"},"modified":"2023-10-14T12:20:09","modified_gmt":"2023-10-14T10:20:09","slug":"kontaktman","status":"publish","type":"page","link":"http:\/\/norumsgarde.com\/?page_id=155","title":{"rendered":"Kontaktman"},"content":{"rendered":"<h2><span style=\"color: #f6343e;\">Kontaktman<\/span><\/h2>\n<p>I varje l\u00e4nga skall medlemmarna utse en kontaktperson. Eventuellt byte av kontaktperson b\u00f6r ske i b\u00f6rjan av \u00e5ret och omedelbart meddelas styrelsen.<\/p>\n<p><strong>Kontaktmannens uppgift \u00e4r att:<\/strong><\/p>\n<p>&#8211; Vara styrelsens l\u00e4nk till medlemmarna.<\/p>\n<p>&#8211; Delta i kontakmannam\u00f6te en g\u00e5ng om \u00e5ret. Han skall f\u00f6re m\u00f6tet inh\u00e4mta synpunkter fr\u00e5n medlemmarna och sedan rapportera till medlemmarna om m\u00f6tet.<\/p>\n<p>&#8211; Initiera st\u00e4dning inom det omr\u00e5de som l\u00e4ngan ansvarar f\u00f6r enligt st\u00e4dkarta. Kartan finns i kontaktmanna p\u00e4rmarna och i k\u00e4llarg\u00e5ngarna.<\/p>\n<p>&#8211; Ansvara f\u00f6r kontakmannap\u00e4rmen och \u00f6verl\u00e4mna den till efterf\u00f6ljande kontaktman.<\/p>\n<p>&#8211; Anm\u00e4la byte av kontaktman till styrelsens sekreterare (namn, husnummer och telefon)<\/p>\n<h3><\/h3>\n","protected":false},"excerpt":{"rendered":"<p>Kontaktman I varje l\u00e4nga skall medlemmarna utse en kontaktperson. Eventuellt byte av kontaktperson b\u00f6r ske i b\u00f6rjan av \u00e5ret och omedelbart meddelas styrelsen. Kontaktmannens uppgift \u00e4r att: &#8211; Vara styrelsens l\u00e4nk till medlemmarna. &#8211; Delta i kontakmannam\u00f6te en g\u00e5ng om \u00e5ret. Han skall f\u00f6re m\u00f6tet inh\u00e4mta synpunkter fr\u00e5n medlemmarna och [&hellip;]<\/p>\n","protected":false},"author":2,"featured_media":0,"parent":0,"menu_order":0,"comment_status":"closed","ping_status":"open","template":"","meta":{"footnotes":""},"class_list":["post-155","page","type-page","status-publish","hentry"],"_links":{"self":[{"href":"http:\/\/norumsgarde.com\/index.php?rest_route=\/wp\/v2\/pages\/155","targetHints":{"allow":["GET"]}}],"collection":[{"href":"http:\/\/norumsgarde.com\/index.php?rest_route=\/wp\/v2\/pages"}],"about":[{"href":"http:\/\/norumsgarde.com\/index.php?rest_route=\/wp\/v2\/types\/page"}],"author":[{"embeddable":true,"href":"http:\/\/norumsgarde.com\/index.php?rest_route=\/wp\/v2\/users\/2"}],"replies":[{"embeddable":true,"href":"http:\/\/norumsgarde.com\/index.php?rest_route=%2Fwp%2Fv2%2Fcomments&post=155"}],"version-history":[{"count":7,"href":"http:\/\/norumsgarde.com\/index.php?rest_route=\/wp\/v2\/pages\/155\/revisions"}],"predecessor-version":[{"id":572,"href":"http:\/\/norumsgarde.com\/index.php?rest_route=\/wp\/v2\/pages\/155\/revisions\/572"}],"wp:attachment":[{"href":"http:\/\/norumsgarde.com\/index.php?rest_route=%2Fwp%2Fv2%2Fmedia&parent=155"}],"curies":[{"name":"wp","href":"https:\/\/api.w.org\/{rel}","templated":true}]}}