{"id":124,"date":"2013-08-23T12:28:11","date_gmt":"2013-08-23T10:28:11","guid":{"rendered":"http:\/\/norumsgarde.com\/?page_id=124"},"modified":"2023-10-14T12:23:31","modified_gmt":"2023-10-14T10:23:31","slug":"lankar","status":"publish","type":"page","link":"http:\/\/norumsgarde.com\/?page_id=124","title":{"rendered":"L\u00e4nkar"},"content":{"rendered":"<h2><span style=\"color: #f6343e;\">L\u00e4nkar<\/span><\/h2>\n<p>H\u00e4r hittar du l\u00e4nkar som kan vara till god hj\u00e4lp f\u00f6r dig som boende och radhus\u00e4gare. Tipsa oss g\u00e4rna om fler l\u00e4nkar och s\u00e4g till om n\u00e5gon av de gamla l\u00e4nkarna skulle beh\u00f6va uppdateras.<\/p>\n<p><strong>G\u00f6teborgs kommun m.m.<br \/>\n<\/strong><a href=\"http:\/\/www.goteborg.se\/\" target=\"_blank\" rel=\"noopener\">www.goteborg.se<\/a><br \/>\n<a href=\"http:\/\/www.kretslopp.goteborg.se\/\" target=\"_blank\" rel=\"noopener\">www.kretslopp.goteborg.se<\/a><br \/>\n<a href=\"http:\/\/www.goteborgenergi.se\/\" target=\"_blank\" rel=\"noopener\">www.goteborgenergi.se<\/a><br \/>\n<a href=\"http:\/\/www.skatteverket.se\/\" target=\"_blank\" rel=\"noopener\">www.skatteverket.se<\/a><br \/>\n<a href=\"http:\/\/www.vasttrafik.se\" target=\"_blank\" rel=\"noopener\">V\u00e4sttrafik<\/a><br \/>\n<a href=\"http:\/\/www.bilprovningen.se\/externt\/bpstations.nsf\/dropdownvy\/EBAB2DCFD3B7936EC1256F9F00513047?OpenDocument\" target=\"_blank\" rel=\"noopener\">Bilprovningen Ar\u00f6d <\/a><br \/>\n<a href=\"http:\/\/www.bilprovningen.se\/Externt\/bpstations.nsf\/dropdownvy\/4A0782B2CC4A3809C1256F9F0051309C?OpenDocument\" target=\"_blank\" rel=\"noopener\">Bilprovningen Tagene<\/a><br \/>\n<a href=\"http:\/\/www.konsument.goteborg.se\" target=\"_blank\" rel=\"noopener\">www.konsument.goteborg.se<\/a><\/p>\n<p><strong>Tuverelaterat<br \/>\n<\/strong><a href=\"http:\/\/www.apoteket.se\/apoteket\/jsp\/polopoly.jsp?d=3122&amp;a=6420&amp;default_tab=apotek\" target=\"_blank\" rel=\"noopener\">Apoteket <\/a>(s\u00f6k p\u00e5 namnet STENBOCKEN, G\u00f6teborg)<br \/>\n<a href=\"http:\/\/www.tuve-save.goteborg.se\/prod\/tuve-save\/dalis2.nsf\/0\/6943a969aa65aa72c1256e7e0030a99d?OpenDocument\" target=\"_blank\" rel=\"noopener\">Tuve bibliotek<\/a><br \/>\n<a href=\"http:\/\/www.tuveif.se\/\" target=\"_blank\" rel=\"noopener\">Tuve IF<\/a><br \/>\n<a href=\"http:\/\/www.tuvetorg.se\/\" target=\"_blank\" rel=\"noopener\">Tuve torg<\/a><br \/>\n<a href=\"http:\/\/www.gbg.ssf.scout.se\/tuve\/\" target=\"_blank\" rel=\"noopener\">Tuve scoutk\u00e5r<\/a><br \/>\n<a href=\"http:\/\/www.svenskakyrkan.se\/tuve\/\" target=\"_blank\" rel=\"noopener\">Tuve f\u00f6rsamling<\/a><br \/>\n<a href=\"http:\/\/golfsweden.com\/stjorgengk\/\" target=\"_blank\" rel=\"noopener\">S:t J\u00f6rgens golfklubb<\/a><br \/>\n<a href=\"http:\/\/www.vasttrafik.se\/TimeTables\/7483fea5-c537-42ef-a4da-f7827c0a2cff.pdf\" target=\"_blank\" rel=\"noopener\">Buss 17:s tidtabell ifr\u00e5n Norumsg\u00e4rde<\/a><br \/>\n<a href=\"http:\/\/www.vasttrafik.se\/TimeTables\/91af0d09-fd07-4be6-a049-c28283f19654.pdf\" target=\"_blank\" rel=\"noopener\">Buss 17:s tidtabell till Norumsg\u00e4rde<\/a><br \/>\n<a href=\"http:\/\/www.polisen.se\/inter\/nodeid=7866467&amp;pageversion=1.jsp\" target=\"_blank\" rel=\"noopener\">Polisen p\u00e5 Hisingen, grannsamverkan<\/a><br \/>\n<a href=\"http:\/\/www.tuve-save.goteborg.se\/\" target=\"_blank\" rel=\"noopener\">Tuve-S\u00e4ve stadsdelsn\u00e4mnd<\/a><\/p>\n<p><strong>Resturanger i v\u00e5r n\u00e4rhet<\/strong><br \/>\n<a href=\"http:\/\/www.raffes.se\/\" target=\"_blank\" rel=\"noopener\">www.raffes.se<\/a><\/p>\n","protected":false},"excerpt":{"rendered":"<p>L\u00e4nkar H\u00e4r hittar du l\u00e4nkar som kan vara till god hj\u00e4lp f\u00f6r dig som boende och radhus\u00e4gare. Tipsa oss g\u00e4rna om fler l\u00e4nkar och s\u00e4g till om n\u00e5gon av de gamla l\u00e4nkarna skulle beh\u00f6va uppdateras. G\u00f6teborgs kommun m.m. www.goteborg.se www.kretslopp.goteborg.se www.goteborgenergi.se www.skatteverket.se V\u00e4sttrafik Bilprovningen Ar\u00f6d Bilprovningen Tagene www.konsument.goteborg.se Tuverelaterat Apoteket [&hellip;]<\/p>\n","protected":false},"author":2,"featured_media":0,"parent":0,"menu_order":0,"comment_status":"closed","ping_status":"open","template":"","meta":{"footnotes":""},"class_list":["post-124","page","type-page","status-publish","hentry"],"_links":{"self":[{"href":"http:\/\/norumsgarde.com\/index.php?rest_route=\/wp\/v2\/pages\/124","targetHints":{"allow":["GET"]}}],"collection":[{"href":"http:\/\/norumsgarde.com\/index.php?rest_route=\/wp\/v2\/pages"}],"about":[{"href":"http:\/\/norumsgarde.com\/index.php?rest_route=\/wp\/v2\/types\/page"}],"author":[{"embeddable":true,"href":"http:\/\/norumsgarde.com\/index.php?rest_route=\/wp\/v2\/users\/2"}],"replies":[{"embeddable":true,"href":"http:\/\/norumsgarde.com\/index.php?rest_route=%2Fwp%2Fv2%2Fcomments&post=124"}],"version-history":[{"count":5,"href":"http:\/\/norumsgarde.com\/index.php?rest_route=\/wp\/v2\/pages\/124\/revisions"}],"predecessor-version":[{"id":575,"href":"http:\/\/norumsgarde.com\/index.php?rest_route=\/wp\/v2\/pages\/124\/revisions\/575"}],"wp:attachment":[{"href":"http:\/\/norumsgarde.com\/index.php?rest_route=%2Fwp%2Fv2%2Fmedia&parent=124"}],"curies":[{"name":"wp","href":"https:\/\/api.w.org\/{rel}","templated":true}]}}